{"id":13,"date":"2024-01-14T13:33:33","date_gmt":"2024-01-14T12:33:33","guid":{"rendered":"http:\/\/foerderverein-zwieseltal-grundschule.de\/?page_id=13"},"modified":"2024-01-30T12:11:13","modified_gmt":"2024-01-30T11:11:13","slug":"seite-2","status":"publish","type":"page","link":"https:\/\/foerderverein-zwieseltal-grundschule.de\/","title":{"rendered":"Der Verein"},"content":{"rendered":"\n<p>Liebe Eltern, liebe F\u00f6rderer,<\/p>\n\n\n\n<p>bereits seit 2000 gibt es den F\u00f6rderverein f\u00fcr unsere Zwieseltal-Grundschule in Schwabach-Wolkersdorf. Seit \u00fcber 20 Jahren engagieren wir uns f\u00fcr das Wohl unserer Kinder. \u00dcberall dort, wo staatliche F\u00f6rderungen nicht ausreichen oder es einfach finanzielle Engp\u00e4sse gibt, versuchen wir einzuspringen. Aber nicht nur in monet\u00e4ren Belangen werden wir aktiv. Wir wollen den Zusammenhalt der Schulgemeinschaft st\u00e4rken und unsere Schule unterst\u00fctzen. Alle Aktivit\u00e4ten, die der F\u00f6rderverein anbietet, haben dieses Ziel. Ein paar Beispiele aus der Vergangenheit die durch den F\u00f6rderverein finanziert und umgesetzt wurden, m\u00f6chten wir hier gerne auff\u00fchren:<\/p>\n\n\n\n<ul class=\"wp-block-list\">\n<li>Beschaffung von iPads, Laptops, Beamer, Whiteboards, Pr\u00e4sentationskameras<\/li>\n\n\n\n<li>Kletterwand, Kletterparcours, Pausenspielkisten, Sportger\u00e4te, Schulbibliothek<\/li>\n\n\n\n<li>Vier Mosaiks\u00e4ulen<\/li>\n\n\n\n<li>Fotoausstattung, Mobile Projektionsleinwand, Tontechnikanlage mit Headsets<\/li>\n\n\n\n<li>Musikinstrumente<\/li>\n\n\n\n<li>Mitfinanzierung von Sonderprojekten, wie z. B. Action Painting, Verr\u00fcckte Turnstunde, Mitmachzirkus, Schulmusical, Theaterauff\u00fchrungen, Cajon- Workshop<\/li>\n\n\n\n<li>Erstellung verschiedener Arbeitsmaterialien<\/li>\n\n\n\n<li>Organisation von Abendveranstaltungen<\/li>\n\n\n\n<li>Mithilfe bei Schulfesten<\/li>\n<\/ul>\n\n\n\n<p>Damit all das weitergelebt werden kann, sind wir nat\u00fcrlich immer auf Unterst\u00fctzung angewiesen \u2013 durch Sponsoren und durch unsere Mitglieder. Hinter dem F\u00f6rderverein stehen viele engagierte Eltern, die Freude daran haben mitzugestalten. Als Ideengeber oder durch die eigene Mitwirkung bei den Kursangeboten kann man selbst aktiv werden. Es geht schlie\u00dflich um unsere Kinder und wir wollen Ihnen die Zeit auf unserer Zwieseltal-Grundschule so sch\u00f6n wie m\u00f6glich gestalten.<\/p>\n\n\n\n<p>F\u00fcr uns ist es eine Herzensangelegenheit und wir w\u00fcrden uns freuen, wenn der ein oder andere Lust bekommen hat, ein Teil davon zu werden.<\/p>\n\n\n\n<p>Gerne k\u00f6nnen Sie jederzeit Kontakt mit uns aufnehmen:<br>hallo [at] foerderverein-zwieseltal-grundschule.de<\/p>\n\n\n\n<p>F\u00fcr Fragen und Anregungen haben wir immer ein offenes Ohr und freuen uns von Ihnen zu H\u00f6ren.<\/p>\n\n\n\n<p>Mit herzlichen Gr\u00fc\u00dfen<\/p>\n\n\n\n<p><\/p>\n\n\n\n<p>Nicole Brendel, 1. Vorsitzende<br>Isabel Ast, 2. Vorsitzende<br>Cora Weber, Kassier<\/p>\n","protected":false},"excerpt":{"rendered":"<p>Liebe Eltern, liebe F\u00f6rderer, bereits seit 2000 gibt es den F\u00f6rderverein f\u00fcr unsere Zwieseltal-Grundschule in Schwabach-Wolkersdorf. Seit \u00fcber 20 Jahren engagieren wir uns f\u00fcr das [&hellip;]<\/p>\n","protected":false},"author":1,"featured_media":0,"parent":0,"menu_order":0,"comment_status":"closed","ping_status":"closed","template":"","meta":{"footnotes":""},"class_list":["post-13","page","type-page","status-publish","hentry"],"yoast_head":"<!-- This site is optimized with the Yoast SEO plugin v23.4 - https:\/\/yoast.com\/wordpress\/plugins\/seo\/ -->\n<title>Der Verein - F\u00f6rderverein der Zwieseltal-Grundschule Schwabach eV<\/title>\n<meta name=\"robots\" content=\"index, follow, max-snippet:-1, max-image-preview:large, max-video-preview:-1\" \/>\n<link rel=\"canonical\" href=\"https:\/\/foerderverein-zwieseltal-grundschule.de\/\" \/>\n<meta property=\"og:locale\" content=\"de_DE\" \/>\n<meta property=\"og:type\" content=\"article\" \/>\n<meta property=\"og:title\" content=\"Der Verein - F\u00f6rderverein der Zwieseltal-Grundschule Schwabach eV\" \/>\n<meta property=\"og:description\" content=\"Liebe Eltern, liebe F\u00f6rderer, bereits seit 2000 gibt es den F\u00f6rderverein f\u00fcr unsere Zwieseltal-Grundschule in Schwabach-Wolkersdorf. Seit \u00fcber 20 Jahren engagieren wir uns f\u00fcr das [&hellip;]\" \/>\n<meta property=\"og:url\" content=\"https:\/\/foerderverein-zwieseltal-grundschule.de\/\" \/>\n<meta property=\"og:site_name\" content=\"F\u00f6rderverein der Zwieseltal-Grundschule Schwabach eV\" \/>\n<meta property=\"article:modified_time\" content=\"2024-01-30T11:11:13+00:00\" \/>\n<meta name=\"twitter:card\" content=\"summary_large_image\" \/>\n<meta name=\"twitter:label1\" content=\"Gesch\u00e4tzte Lesezeit\" \/>\n\t<meta name=\"twitter:data1\" content=\"1\u00a0Minute\" \/>\n<script type=\"application\/ld+json\" class=\"yoast-schema-graph\">{\"@context\":\"https:\/\/schema.org\",\"@graph\":[{\"@type\":\"WebPage\",\"@id\":\"https:\/\/foerderverein-zwieseltal-grundschule.de\/\",\"url\":\"https:\/\/foerderverein-zwieseltal-grundschule.de\/\",\"name\":\"Der Verein - F\u00f6rderverein der Zwieseltal-Grundschule Schwabach eV\",\"isPartOf\":{\"@id\":\"https:\/\/foerderverein-zwieseltal-grundschule.de\/#website\"},\"datePublished\":\"2024-01-14T12:33:33+00:00\",\"dateModified\":\"2024-01-30T11:11:13+00:00\",\"breadcrumb\":{\"@id\":\"https:\/\/foerderverein-zwieseltal-grundschule.de\/#breadcrumb\"},\"inLanguage\":\"de\",\"potentialAction\":[{\"@type\":\"ReadAction\",\"target\":[\"https:\/\/foerderverein-zwieseltal-grundschule.de\/\"]}]},{\"@type\":\"BreadcrumbList\",\"@id\":\"https:\/\/foerderverein-zwieseltal-grundschule.de\/#breadcrumb\",\"itemListElement\":[{\"@type\":\"ListItem\",\"position\":1,\"name\":\"Startseite\",\"item\":\"https:\/\/foerderverein-zwieseltal-grundschule.de\/\"},{\"@type\":\"ListItem\",\"position\":2,\"name\":\"Der Verein\"}]},{\"@type\":\"WebSite\",\"@id\":\"https:\/\/foerderverein-zwieseltal-grundschule.de\/#website\",\"url\":\"https:\/\/foerderverein-zwieseltal-grundschule.de\/\",\"name\":\"F\u00f6rderverein der Zwieseltal-Grundschule Schwabach eV\",\"description\":\"\",\"publisher\":{\"@id\":\"https:\/\/foerderverein-zwieseltal-grundschule.de\/#organization\"},\"potentialAction\":[{\"@type\":\"SearchAction\",\"target\":{\"@type\":\"EntryPoint\",\"urlTemplate\":\"https:\/\/foerderverein-zwieseltal-grundschule.de\/?s={search_term_string}\"},\"query-input\":{\"@type\":\"PropertyValueSpecification\",\"valueRequired\":true,\"valueName\":\"search_term_string\"}}],\"inLanguage\":\"de\"},{\"@type\":\"Organization\",\"@id\":\"https:\/\/foerderverein-zwieseltal-grundschule.de\/#organization\",\"name\":\"F\u00f6rderverein der Zwieseltal-Grundschule Schwabach eV\",\"url\":\"https:\/\/foerderverein-zwieseltal-grundschule.de\/\",\"logo\":{\"@type\":\"ImageObject\",\"inLanguage\":\"de\",\"@id\":\"https:\/\/foerderverein-zwieseltal-grundschule.de\/#\/schema\/logo\/image\/\",\"url\":\"https:\/\/foerderverein-zwieseltal-grundschule.de\/wp-content\/uploads\/2024\/01\/Logo-Foerderverein-ohne-Text.jpg\",\"contentUrl\":\"https:\/\/foerderverein-zwieseltal-grundschule.de\/wp-content\/uploads\/2024\/01\/Logo-Foerderverein-ohne-Text.jpg\",\"width\":332,\"height\":166,\"caption\":\"F\u00f6rderverein der Zwieseltal-Grundschule Schwabach eV\"},\"image\":{\"@id\":\"https:\/\/foerderverein-zwieseltal-grundschule.de\/#\/schema\/logo\/image\/\"}}]}<\/script>\n<!-- \/ Yoast SEO plugin. -->","yoast_head_json":{"title":"Der Verein - F\u00f6rderverein der Zwieseltal-Grundschule Schwabach eV","robots":{"index":"index","follow":"follow","max-snippet":"max-snippet:-1","max-image-preview":"max-image-preview:large","max-video-preview":"max-video-preview:-1"},"canonical":"https:\/\/foerderverein-zwieseltal-grundschule.de\/","og_locale":"de_DE","og_type":"article","og_title":"Der Verein - F\u00f6rderverein der Zwieseltal-Grundschule Schwabach eV","og_description":"Liebe Eltern, liebe F\u00f6rderer, bereits seit 2000 gibt es den F\u00f6rderverein f\u00fcr unsere Zwieseltal-Grundschule in Schwabach-Wolkersdorf. Seit \u00fcber 20 Jahren engagieren wir uns f\u00fcr das [&hellip;]","og_url":"https:\/\/foerderverein-zwieseltal-grundschule.de\/","og_site_name":"F\u00f6rderverein der Zwieseltal-Grundschule Schwabach eV","article_modified_time":"2024-01-30T11:11:13+00:00","twitter_card":"summary_large_image","twitter_misc":{"Gesch\u00e4tzte Lesezeit":"1\u00a0Minute"},"schema":{"@context":"https:\/\/schema.org","@graph":[{"@type":"WebPage","@id":"https:\/\/foerderverein-zwieseltal-grundschule.de\/","url":"https:\/\/foerderverein-zwieseltal-grundschule.de\/","name":"Der Verein - F\u00f6rderverein der Zwieseltal-Grundschule Schwabach eV","isPartOf":{"@id":"https:\/\/foerderverein-zwieseltal-grundschule.de\/#website"},"datePublished":"2024-01-14T12:33:33+00:00","dateModified":"2024-01-30T11:11:13+00:00","breadcrumb":{"@id":"https:\/\/foerderverein-zwieseltal-grundschule.de\/#breadcrumb"},"inLanguage":"de","potentialAction":[{"@type":"ReadAction","target":["https:\/\/foerderverein-zwieseltal-grundschule.de\/"]}]},{"@type":"BreadcrumbList","@id":"https:\/\/foerderverein-zwieseltal-grundschule.de\/#breadcrumb","itemListElement":[{"@type":"ListItem","position":1,"name":"Startseite","item":"https:\/\/foerderverein-zwieseltal-grundschule.de\/"},{"@type":"ListItem","position":2,"name":"Der Verein"}]},{"@type":"WebSite","@id":"https:\/\/foerderverein-zwieseltal-grundschule.de\/#website","url":"https:\/\/foerderverein-zwieseltal-grundschule.de\/","name":"F\u00f6rderverein der Zwieseltal-Grundschule Schwabach eV","description":"","publisher":{"@id":"https:\/\/foerderverein-zwieseltal-grundschule.de\/#organization"},"potentialAction":[{"@type":"SearchAction","target":{"@type":"EntryPoint","urlTemplate":"https:\/\/foerderverein-zwieseltal-grundschule.de\/?s={search_term_string}"},"query-input":{"@type":"PropertyValueSpecification","valueRequired":true,"valueName":"search_term_string"}}],"inLanguage":"de"},{"@type":"Organization","@id":"https:\/\/foerderverein-zwieseltal-grundschule.de\/#organization","name":"F\u00f6rderverein der Zwieseltal-Grundschule Schwabach eV","url":"https:\/\/foerderverein-zwieseltal-grundschule.de\/","logo":{"@type":"ImageObject","inLanguage":"de","@id":"https:\/\/foerderverein-zwieseltal-grundschule.de\/#\/schema\/logo\/image\/","url":"https:\/\/foerderverein-zwieseltal-grundschule.de\/wp-content\/uploads\/2024\/01\/Logo-Foerderverein-ohne-Text.jpg","contentUrl":"https:\/\/foerderverein-zwieseltal-grundschule.de\/wp-content\/uploads\/2024\/01\/Logo-Foerderverein-ohne-Text.jpg","width":332,"height":166,"caption":"F\u00f6rderverein der Zwieseltal-Grundschule Schwabach eV"},"image":{"@id":"https:\/\/foerderverein-zwieseltal-grundschule.de\/#\/schema\/logo\/image\/"}}]}},"jetpack_sharing_enabled":true,"_links":{"self":[{"href":"https:\/\/foerderverein-zwieseltal-grundschule.de\/index.php?rest_route=\/wp\/v2\/pages\/13","targetHints":{"allow":["GET"]}}],"collection":[{"href":"https:\/\/foerderverein-zwieseltal-grundschule.de\/index.php?rest_route=\/wp\/v2\/pages"}],"about":[{"href":"https:\/\/foerderverein-zwieseltal-grundschule.de\/index.php?rest_route=\/wp\/v2\/types\/page"}],"author":[{"embeddable":true,"href":"https:\/\/foerderverein-zwieseltal-grundschule.de\/index.php?rest_route=\/wp\/v2\/users\/1"}],"replies":[{"embeddable":true,"href":"https:\/\/foerderverein-zwieseltal-grundschule.de\/index.php?rest_route=%2Fwp%2Fv2%2Fcomments&post=13"}],"version-history":[{"count":7,"href":"https:\/\/foerderverein-zwieseltal-grundschule.de\/index.php?rest_route=\/wp\/v2\/pages\/13\/revisions"}],"predecessor-version":[{"id":363,"href":"https:\/\/foerderverein-zwieseltal-grundschule.de\/index.php?rest_route=\/wp\/v2\/pages\/13\/revisions\/363"}],"wp:attachment":[{"href":"https:\/\/foerderverein-zwieseltal-grundschule.de\/index.php?rest_route=%2Fwp%2Fv2%2Fmedia&parent=13"}],"curies":[{"name":"wp","href":"https:\/\/api.w.org\/{rel}","templated":true}]}}