{"id":15,"date":"2024-01-14T13:33:49","date_gmt":"2024-01-14T12:33:49","guid":{"rendered":"http:\/\/foerderverein-zwieseltal-grundschule.de\/?page_id=15"},"modified":"2024-01-30T17:08:14","modified_gmt":"2024-01-30T16:08:14","slug":"seite-3","status":"publish","type":"page","link":"https:\/\/foerderverein-zwieseltal-grundschule.de\/?page_id=15","title":{"rendered":"Die Kurse"},"content":{"rendered":"\n<p>Eine gute Tradition im F\u00f6rderverein ist es, ein abwechslungs\u00adreiches Kursangebot anzubieten, um den Kindern eine sch\u00f6ne Zeit, tolle Erfahrungen und jede Menge Freude zu bereiten. Und vor allen Dingen wird dabei auch noch etwas gelernt. Zus\u00e4tzlich k\u00f6nnen die Kinder neue Kontakte kn\u00fcpfen, denn die Kurse sind klassen\u00fcbergreifend. Die Themenbereiche unserer Kurse sind vielf\u00e4ltig \u2013 Backen, Basteln, sportliche Aktivit\u00e4ten und Exkursionen in die Natur sind nur ein paar Beispiele aus unserem Kursangebot. Dieses wird einmal im Halbjahr herausgegeben und man kann sich anschlie\u00dfend f\u00fcr die passenden Kurse anmelden. Im Regelfall erfolgt die Ver\u00f6ffentlichung des Programms immer am Anfang des Schuljahres sowie nach dem Halbjahr.<\/p>\n\n\n\n<p>Unsere Kurse werden entweder durch engagierte Eltern betreut oder durch vom F\u00f6rderverein beauftragtes Fachpersonal. Wenn auch Sie Ideen f\u00fcr tolle Kursangebote oder Lust haben, den Kindern etwas beizubringen und sie dabei zu begleiten, freuen wir uns sehr \u00fcber neue Teamer. Bei uns ist jeder willkommen!<\/p>\n\n\n\n<h3 class=\"wp-block-heading\">Teilnahmebedingungen<\/h3>\n\n\n\n<p>Wird ein Kurs wegen Ausfall des Leiters oder zu geringer Beteiligung abgesagt, bekommen die Eltern Bescheid und die Kursgeb\u00fchren zur\u00fcckerstattet. Eine Anmeldung ist verbindlich, d.h. sollte euer Kind aus wichtigen Gr\u00fcnden an einem Kurs nicht teilnehmen k\u00f6nnen, bitten wir euch, den F\u00f6rderverein zu informieren. Eine R\u00fcckerstattung der Kursgeb\u00fchren ist im Verhinderungsfall nicht m\u00f6glich, jedoch kann eine Ersatzperson an Stelle des verhinderten Kindes an dem Kurs teilnehmen. Die Kursgeb\u00fchren sind intern auszugleichen. Sollte es eine Warteliste geben, werden frei gewordene Pl\u00e4tze automatisch nach Reihenfolge der Anmeldung aufgef\u00fcllt. Ihr werdet \u00fcber die M\u00f6glichkeit eines Nachr\u00fccker-Platzes per E-Mail informiert und habe dann die M\u00f6glichkeit innerhalb von 1 Tag, diesen per Klick anzunehmen.<\/p>\n\n\n\n<p>Es wird ausdr\u00fccklich darauf hingewiesen, dass es sich bei den Kursangeboten des F\u00f6rdervereins um au\u00dferschulische Veranstaltungen handelt, f\u00fcr die weder der Schultr\u00e4ger noch die GUV (= Gemeinde-Unfallversicherung) haften. Jegliche Haftung des F\u00f6rdervereins, seines Vorstands und der Kursleiter f\u00fcr Sch\u00e4den jedweder Art ist ausgeschlossen, soweit sie nicht von der Versicherung des F\u00f6rdervereins gedeckt sind. Davon ausgenommen sind Sch\u00e4den aus der Verletzung des Lebens, des K\u00f6rpers oder der Gesundheit sowie Sch\u00e4den, die durch Vorsatz und grobe Fahrl\u00e4ssigkeit verursacht wurden. Die Erziehungs\u00adberechtigten sind f\u00fcr das Holen und Bringen der Kinder selbst verantwortlich.<\/p>\n\n\n\n<p><\/p>\n\n\n\n<iframe loading=\"lazy\" id=\"63d1438796a7853bd6fa6dfd\" width=\"100%\" height=\"150\" class=\"yolawo-widget\" allow=\"payment\" src=\"https:\/\/widgets.yolawo.de\/w\/63d1438796a7853bd6fa6dfd\" frameborder=\"0\" data-offset-x=\"50\" scrolling=\"no\"><\/iframe><script type=\"text\/javascript\" src=\"https:\/\/widgets.yolawo.de\/assets\/script.js\"><\/script>\n","protected":false},"excerpt":{"rendered":"<p>Eine gute Tradition im F\u00f6rderverein ist es, ein abwechslungs\u00adreiches Kursangebot anzubieten, um den Kindern eine sch\u00f6ne Zeit, tolle Erfahrungen und jede Menge Freude zu bereiten. [&hellip;]<\/p>\n","protected":false},"author":1,"featured_media":304,"parent":0,"menu_order":0,"comment_status":"closed","ping_status":"closed","template":"","meta":{"footnotes":""},"class_list":["post-15","page","type-page","status-publish","has-post-thumbnail","hentry"],"yoast_head":"<!-- This site is optimized with the Yoast SEO plugin v23.4 - https:\/\/yoast.com\/wordpress\/plugins\/seo\/ -->\n<title>Die Kurse - F\u00f6rderverein der Zwieseltal-Grundschule Schwabach eV<\/title>\n<meta name=\"robots\" content=\"index, follow, max-snippet:-1, max-image-preview:large, max-video-preview:-1\" \/>\n<link rel=\"canonical\" href=\"https:\/\/foerderverein-zwieseltal-grundschule.de\/?page_id=15\" \/>\n<meta property=\"og:locale\" content=\"de_DE\" \/>\n<meta property=\"og:type\" content=\"article\" \/>\n<meta property=\"og:title\" content=\"Die Kurse - F\u00f6rderverein der Zwieseltal-Grundschule Schwabach eV\" \/>\n<meta property=\"og:description\" content=\"Eine gute Tradition im F\u00f6rderverein ist es, ein abwechslungs\u00adreiches Kursangebot anzubieten, um den Kindern eine sch\u00f6ne Zeit, tolle Erfahrungen und jede Menge Freude zu bereiten. [&hellip;]\" \/>\n<meta property=\"og:url\" content=\"https:\/\/foerderverein-zwieseltal-grundschule.de\/?page_id=15\" \/>\n<meta property=\"og:site_name\" content=\"F\u00f6rderverein der Zwieseltal-Grundschule Schwabach eV\" \/>\n<meta property=\"article:modified_time\" content=\"2024-01-30T16:08:14+00:00\" \/>\n<meta property=\"og:image\" content=\"https:\/\/foerderverein-zwieseltal-grundschule.de\/wp-content\/uploads\/2024\/01\/boys-girls-bringing-their-hands-together-scaled-e1705260296416.jpg\" \/>\n\t<meta property=\"og:image:width\" content=\"2560\" \/>\n\t<meta property=\"og:image:height\" content=\"1301\" \/>\n\t<meta property=\"og:image:type\" content=\"image\/jpeg\" \/>\n<meta name=\"twitter:card\" content=\"summary_large_image\" \/>\n<meta name=\"twitter:label1\" content=\"Gesch\u00e4tzte Lesezeit\" \/>\n\t<meta name=\"twitter:data1\" content=\"2\u00a0Minuten\" \/>\n<script type=\"application\/ld+json\" class=\"yoast-schema-graph\">{\"@context\":\"https:\/\/schema.org\",\"@graph\":[{\"@type\":\"WebPage\",\"@id\":\"https:\/\/foerderverein-zwieseltal-grundschule.de\/?page_id=15\",\"url\":\"https:\/\/foerderverein-zwieseltal-grundschule.de\/?page_id=15\",\"name\":\"Die Kurse - F\u00f6rderverein der Zwieseltal-Grundschule Schwabach eV\",\"isPartOf\":{\"@id\":\"https:\/\/foerderverein-zwieseltal-grundschule.de\/#website\"},\"primaryImageOfPage\":{\"@id\":\"https:\/\/foerderverein-zwieseltal-grundschule.de\/?page_id=15#primaryimage\"},\"image\":{\"@id\":\"https:\/\/foerderverein-zwieseltal-grundschule.de\/?page_id=15#primaryimage\"},\"thumbnailUrl\":\"https:\/\/foerderverein-zwieseltal-grundschule.de\/wp-content\/uploads\/2024\/01\/boys-girls-bringing-their-hands-together-scaled-e1705260296416.jpg\",\"datePublished\":\"2024-01-14T12:33:49+00:00\",\"dateModified\":\"2024-01-30T16:08:14+00:00\",\"breadcrumb\":{\"@id\":\"https:\/\/foerderverein-zwieseltal-grundschule.de\/?page_id=15#breadcrumb\"},\"inLanguage\":\"de\",\"potentialAction\":[{\"@type\":\"ReadAction\",\"target\":[\"https:\/\/foerderverein-zwieseltal-grundschule.de\/?page_id=15\"]}]},{\"@type\":\"ImageObject\",\"inLanguage\":\"de\",\"@id\":\"https:\/\/foerderverein-zwieseltal-grundschule.de\/?page_id=15#primaryimage\",\"url\":\"https:\/\/foerderverein-zwieseltal-grundschule.de\/wp-content\/uploads\/2024\/01\/boys-girls-bringing-their-hands-together-scaled-e1705260296416.jpg\",\"contentUrl\":\"https:\/\/foerderverein-zwieseltal-grundschule.de\/wp-content\/uploads\/2024\/01\/boys-girls-bringing-their-hands-together-scaled-e1705260296416.jpg\",\"width\":2560,\"height\":1301},{\"@type\":\"BreadcrumbList\",\"@id\":\"https:\/\/foerderverein-zwieseltal-grundschule.de\/?page_id=15#breadcrumb\",\"itemListElement\":[{\"@type\":\"ListItem\",\"position\":1,\"name\":\"Startseite\",\"item\":\"https:\/\/foerderverein-zwieseltal-grundschule.de\/\"},{\"@type\":\"ListItem\",\"position\":2,\"name\":\"Die Kurse\"}]},{\"@type\":\"WebSite\",\"@id\":\"https:\/\/foerderverein-zwieseltal-grundschule.de\/#website\",\"url\":\"https:\/\/foerderverein-zwieseltal-grundschule.de\/\",\"name\":\"F\u00f6rderverein der Zwieseltal-Grundschule Schwabach eV\",\"description\":\"\",\"publisher\":{\"@id\":\"https:\/\/foerderverein-zwieseltal-grundschule.de\/#organization\"},\"potentialAction\":[{\"@type\":\"SearchAction\",\"target\":{\"@type\":\"EntryPoint\",\"urlTemplate\":\"https:\/\/foerderverein-zwieseltal-grundschule.de\/?s={search_term_string}\"},\"query-input\":{\"@type\":\"PropertyValueSpecification\",\"valueRequired\":true,\"valueName\":\"search_term_string\"}}],\"inLanguage\":\"de\"},{\"@type\":\"Organization\",\"@id\":\"https:\/\/foerderverein-zwieseltal-grundschule.de\/#organization\",\"name\":\"F\u00f6rderverein der Zwieseltal-Grundschule Schwabach eV\",\"url\":\"https:\/\/foerderverein-zwieseltal-grundschule.de\/\",\"logo\":{\"@type\":\"ImageObject\",\"inLanguage\":\"de\",\"@id\":\"https:\/\/foerderverein-zwieseltal-grundschule.de\/#\/schema\/logo\/image\/\",\"url\":\"https:\/\/foerderverein-zwieseltal-grundschule.de\/wp-content\/uploads\/2024\/01\/Logo-Foerderverein-ohne-Text.jpg\",\"contentUrl\":\"https:\/\/foerderverein-zwieseltal-grundschule.de\/wp-content\/uploads\/2024\/01\/Logo-Foerderverein-ohne-Text.jpg\",\"width\":332,\"height\":166,\"caption\":\"F\u00f6rderverein der Zwieseltal-Grundschule Schwabach eV\"},\"image\":{\"@id\":\"https:\/\/foerderverein-zwieseltal-grundschule.de\/#\/schema\/logo\/image\/\"}}]}<\/script>\n<!-- \/ Yoast SEO plugin. -->","yoast_head_json":{"title":"Die Kurse - F\u00f6rderverein der Zwieseltal-Grundschule Schwabach eV","robots":{"index":"index","follow":"follow","max-snippet":"max-snippet:-1","max-image-preview":"max-image-preview:large","max-video-preview":"max-video-preview:-1"},"canonical":"https:\/\/foerderverein-zwieseltal-grundschule.de\/?page_id=15","og_locale":"de_DE","og_type":"article","og_title":"Die Kurse - F\u00f6rderverein der Zwieseltal-Grundschule Schwabach eV","og_description":"Eine gute Tradition im F\u00f6rderverein ist es, ein abwechslungs\u00adreiches Kursangebot anzubieten, um den Kindern eine sch\u00f6ne Zeit, tolle Erfahrungen und jede Menge Freude zu bereiten. [&hellip;]","og_url":"https:\/\/foerderverein-zwieseltal-grundschule.de\/?page_id=15","og_site_name":"F\u00f6rderverein der Zwieseltal-Grundschule Schwabach eV","article_modified_time":"2024-01-30T16:08:14+00:00","og_image":[{"width":2560,"height":1301,"url":"https:\/\/foerderverein-zwieseltal-grundschule.de\/wp-content\/uploads\/2024\/01\/boys-girls-bringing-their-hands-together-scaled-e1705260296416.jpg","type":"image\/jpeg"}],"twitter_card":"summary_large_image","twitter_misc":{"Gesch\u00e4tzte Lesezeit":"2\u00a0Minuten"},"schema":{"@context":"https:\/\/schema.org","@graph":[{"@type":"WebPage","@id":"https:\/\/foerderverein-zwieseltal-grundschule.de\/?page_id=15","url":"https:\/\/foerderverein-zwieseltal-grundschule.de\/?page_id=15","name":"Die Kurse - F\u00f6rderverein der Zwieseltal-Grundschule Schwabach eV","isPartOf":{"@id":"https:\/\/foerderverein-zwieseltal-grundschule.de\/#website"},"primaryImageOfPage":{"@id":"https:\/\/foerderverein-zwieseltal-grundschule.de\/?page_id=15#primaryimage"},"image":{"@id":"https:\/\/foerderverein-zwieseltal-grundschule.de\/?page_id=15#primaryimage"},"thumbnailUrl":"https:\/\/foerderverein-zwieseltal-grundschule.de\/wp-content\/uploads\/2024\/01\/boys-girls-bringing-their-hands-together-scaled-e1705260296416.jpg","datePublished":"2024-01-14T12:33:49+00:00","dateModified":"2024-01-30T16:08:14+00:00","breadcrumb":{"@id":"https:\/\/foerderverein-zwieseltal-grundschule.de\/?page_id=15#breadcrumb"},"inLanguage":"de","potentialAction":[{"@type":"ReadAction","target":["https:\/\/foerderverein-zwieseltal-grundschule.de\/?page_id=15"]}]},{"@type":"ImageObject","inLanguage":"de","@id":"https:\/\/foerderverein-zwieseltal-grundschule.de\/?page_id=15#primaryimage","url":"https:\/\/foerderverein-zwieseltal-grundschule.de\/wp-content\/uploads\/2024\/01\/boys-girls-bringing-their-hands-together-scaled-e1705260296416.jpg","contentUrl":"https:\/\/foerderverein-zwieseltal-grundschule.de\/wp-content\/uploads\/2024\/01\/boys-girls-bringing-their-hands-together-scaled-e1705260296416.jpg","width":2560,"height":1301},{"@type":"BreadcrumbList","@id":"https:\/\/foerderverein-zwieseltal-grundschule.de\/?page_id=15#breadcrumb","itemListElement":[{"@type":"ListItem","position":1,"name":"Startseite","item":"https:\/\/foerderverein-zwieseltal-grundschule.de\/"},{"@type":"ListItem","position":2,"name":"Die Kurse"}]},{"@type":"WebSite","@id":"https:\/\/foerderverein-zwieseltal-grundschule.de\/#website","url":"https:\/\/foerderverein-zwieseltal-grundschule.de\/","name":"F\u00f6rderverein der Zwieseltal-Grundschule Schwabach eV","description":"","publisher":{"@id":"https:\/\/foerderverein-zwieseltal-grundschule.de\/#organization"},"potentialAction":[{"@type":"SearchAction","target":{"@type":"EntryPoint","urlTemplate":"https:\/\/foerderverein-zwieseltal-grundschule.de\/?s={search_term_string}"},"query-input":{"@type":"PropertyValueSpecification","valueRequired":true,"valueName":"search_term_string"}}],"inLanguage":"de"},{"@type":"Organization","@id":"https:\/\/foerderverein-zwieseltal-grundschule.de\/#organization","name":"F\u00f6rderverein der Zwieseltal-Grundschule Schwabach eV","url":"https:\/\/foerderverein-zwieseltal-grundschule.de\/","logo":{"@type":"ImageObject","inLanguage":"de","@id":"https:\/\/foerderverein-zwieseltal-grundschule.de\/#\/schema\/logo\/image\/","url":"https:\/\/foerderverein-zwieseltal-grundschule.de\/wp-content\/uploads\/2024\/01\/Logo-Foerderverein-ohne-Text.jpg","contentUrl":"https:\/\/foerderverein-zwieseltal-grundschule.de\/wp-content\/uploads\/2024\/01\/Logo-Foerderverein-ohne-Text.jpg","width":332,"height":166,"caption":"F\u00f6rderverein der Zwieseltal-Grundschule Schwabach eV"},"image":{"@id":"https:\/\/foerderverein-zwieseltal-grundschule.de\/#\/schema\/logo\/image\/"}}]}},"jetpack_sharing_enabled":true,"_links":{"self":[{"href":"https:\/\/foerderverein-zwieseltal-grundschule.de\/index.php?rest_route=\/wp\/v2\/pages\/15","targetHints":{"allow":["GET"]}}],"collection":[{"href":"https:\/\/foerderverein-zwieseltal-grundschule.de\/index.php?rest_route=\/wp\/v2\/pages"}],"about":[{"href":"https:\/\/foerderverein-zwieseltal-grundschule.de\/index.php?rest_route=\/wp\/v2\/types\/page"}],"author":[{"embeddable":true,"href":"https:\/\/foerderverein-zwieseltal-grundschule.de\/index.php?rest_route=\/wp\/v2\/users\/1"}],"replies":[{"embeddable":true,"href":"https:\/\/foerderverein-zwieseltal-grundschule.de\/index.php?rest_route=%2Fwp%2Fv2%2Fcomments&post=15"}],"version-history":[{"count":13,"href":"https:\/\/foerderverein-zwieseltal-grundschule.de\/index.php?rest_route=\/wp\/v2\/pages\/15\/revisions"}],"predecessor-version":[{"id":382,"href":"https:\/\/foerderverein-zwieseltal-grundschule.de\/index.php?rest_route=\/wp\/v2\/pages\/15\/revisions\/382"}],"wp:featuredmedia":[{"embeddable":true,"href":"https:\/\/foerderverein-zwieseltal-grundschule.de\/index.php?rest_route=\/wp\/v2\/media\/304"}],"wp:attachment":[{"href":"https:\/\/foerderverein-zwieseltal-grundschule.de\/index.php?rest_route=%2Fwp%2Fv2%2Fmedia&parent=15"}],"curies":[{"name":"wp","href":"https:\/\/api.w.org\/{rel}","templated":true}]}}