{"id":20,"date":"2024-01-14T13:37:13","date_gmt":"2024-01-14T12:37:13","guid":{"rendered":"http:\/\/foerderverein-zwieseltal-grundschule.de\/?page_id=20"},"modified":"2024-01-30T17:06:02","modified_gmt":"2024-01-30T16:06:02","slug":"die-t-shirts","status":"publish","type":"page","link":"https:\/\/foerderverein-zwieseltal-grundschule.de\/?page_id=20","title":{"rendered":"Die T-Shirts"},"content":{"rendered":"\n<p>Verbundenheit, die man teilweise auch sehen kann. Der Zusammenhalt unter der Schulfamilie ist ein gro\u00dfes Anliegen des F\u00f6rdervereins. Manchmal, an ganz besonderen Tagen, kann man diese Verbundenheit sogar sehen. Wenn die Sch\u00fclerinnen und Sch\u00fcler ganz freiwillig ihre Schul-Shirts tragen: am Schulfest, bei der Begr\u00fc\u00dfung der neuen Erstkl\u00e4ssler oder aber der Verabschiedung der Viertkl\u00e4ssler.<\/p>\n\n\n\n<p>Wir vom F\u00f6rderverein k\u00fcmmern uns um die Beschaffung und die Verteilung der hochwertigen Polo-Shirts. Diese sind 2fach bestickt und werden nahezu zum Selbstkostenpreis durchgereicht. Die Shirts kosten 25,00 EUR\/St\u00fcck. Die Auslieferung der Bestellung erfolgt zeitnah, aber nicht &#8222;automatisiert&#8220;. F\u00fcllt einfach das Formular im unteren Bereich dieser Seite aus und wir werden uns sicher bei euch melden &#8211; allerdings kann es auch mal zu kleineren Wartezeiten kommen.<\/p>\n\n\n\n<p class=\"has-grey-color has-text-color has-link-color wp-elements-7616991cbc06464ea84951baf2601fee\">Sollten Sie als Lehrer:in oder Erwachsene Interesse an einem Shirt haben, bitten wir Sie, uns eine kurze E-Mail an <br>hallo [at] foerderverein-zwieseltal-grundschule.de zu schreiben. Wir haben Erwachsenen-Gr\u00f6\u00dfen nicht auf Lager, k\u00f6nnen sie aber ggfs. bei der n\u00e4chsten Bestellung mit aufnehmen. Die Kosten richten sich dann an dem jeweils aktuellen Einkaufspreis.<\/p>\n\n\n\n<div class=\"wp-block-columns is-layout-flex wp-container-core-columns-is-layout-9d6595d7 wp-block-columns-is-layout-flex\">\n<div class=\"wp-block-column is-layout-flow wp-block-column-is-layout-flow\" style=\"flex-basis:66.66%\">\n<div class=\"wp-block-columns is-layout-flex wp-container-core-columns-is-layout-9d6595d7 wp-block-columns-is-layout-flex\">\n<div class=\"wp-block-column is-layout-flow wp-block-column-is-layout-flow\" style=\"flex-basis:66.66%\">\n<figure class=\"wp-block-image size-large is-resized\"><img loading=\"lazy\" decoding=\"async\" width=\"986\" height=\"1024\" src=\"http:\/\/foerderverein-zwieseltal-grundschule.de\/wp-content\/uploads\/2024\/01\/IMG_1342-scaled-e1706613662574-986x1024.jpeg\" alt=\"\" class=\"wp-image-71\" style=\"width:auto;height:300px\" srcset=\"https:\/\/foerderverein-zwieseltal-grundschule.de\/wp-content\/uploads\/2024\/01\/IMG_1342-scaled-e1706613662574-986x1024.jpeg 986w, https:\/\/foerderverein-zwieseltal-grundschule.de\/wp-content\/uploads\/2024\/01\/IMG_1342-scaled-e1706613662574-289x300.jpeg 289w, https:\/\/foerderverein-zwieseltal-grundschule.de\/wp-content\/uploads\/2024\/01\/IMG_1342-scaled-e1706613662574-768x797.jpeg 768w, https:\/\/foerderverein-zwieseltal-grundschule.de\/wp-content\/uploads\/2024\/01\/IMG_1342-scaled-e1706613662574.jpeg 1442w\" sizes=\"auto, (max-width: 986px) 100vw, 986px\" \/><\/figure>\n<\/div>\n\n\n\n<div class=\"wp-block-column is-layout-flow wp-block-column-is-layout-flow\" style=\"flex-basis:33.33%\">\n<figure class=\"wp-block-image size-large is-resized\"><img loading=\"lazy\" decoding=\"async\" width=\"768\" height=\"1024\" src=\"http:\/\/foerderverein-zwieseltal-grundschule.de\/wp-content\/uploads\/2024\/01\/IMG_1340-1-768x1024.png\" alt=\"\" class=\"wp-image-72\" style=\"width:auto;height:300px\" srcset=\"https:\/\/foerderverein-zwieseltal-grundschule.de\/wp-content\/uploads\/2024\/01\/IMG_1340-1-768x1024.png 768w, https:\/\/foerderverein-zwieseltal-grundschule.de\/wp-content\/uploads\/2024\/01\/IMG_1340-1-225x300.png 225w, https:\/\/foerderverein-zwieseltal-grundschule.de\/wp-content\/uploads\/2024\/01\/IMG_1340-1-1152x1536.png 1152w, https:\/\/foerderverein-zwieseltal-grundschule.de\/wp-content\/uploads\/2024\/01\/IMG_1340-1-1536x2048.png 1536w\" sizes=\"auto, (max-width: 768px) 100vw, 768px\" \/><\/figure>\n<\/div>\n<\/div>\n<\/div>\n<\/div>\n\n\n\n<p><\/p>\n\n\n\n<h2 class=\"wp-block-heading\">Bestellformular<\/h2>\n\n\n\n<div class=\"wpcf7 no-js\" id=\"wpcf7-f65-o1\" lang=\"de-DE\" dir=\"ltr\" data-wpcf7-id=\"65\">\n<div class=\"screen-reader-response\"><p role=\"status\" aria-live=\"polite\" aria-atomic=\"true\"><\/p> <ul><\/ul><\/div>\n<form action=\"\/index.php?rest_route=%2Fwp%2Fv2%2Fpages%2F20#wpcf7-f65-o1\" method=\"post\" class=\"wpcf7-form init\" aria-label=\"Kontaktformular\" novalidate=\"novalidate\" data-status=\"init\">\n<fieldset class=\"hidden-fields-container\"><input type=\"hidden\" name=\"_wpcf7\" value=\"65\" \/><input type=\"hidden\" name=\"_wpcf7_version\" value=\"6.1.5\" \/><input type=\"hidden\" name=\"_wpcf7_locale\" value=\"de_DE\" \/><input type=\"hidden\" name=\"_wpcf7_unit_tag\" value=\"wpcf7-f65-o1\" \/><input type=\"hidden\" name=\"_wpcf7_container_post\" value=\"0\" \/><input type=\"hidden\" name=\"_wpcf7_posted_data_hash\" value=\"\" \/>\n<\/fieldset>\n<p><span class=\"wpcf7-form-control-wrap\" data-name=\"NamedesBestenden\"><input size=\"40\" maxlength=\"400\" class=\"wpcf7-form-control wpcf7-text wpcf7-validates-as-required\" aria-required=\"true\" aria-invalid=\"false\" placeholder=\"Name des Bestenden\" value=\"\" type=\"text\" name=\"NamedesBestenden\" \/><\/span>\n<\/p>\n<p><span class=\"wpcf7-form-control-wrap\" data-name=\"NamedesKindes\"><input size=\"40\" maxlength=\"400\" class=\"wpcf7-form-control wpcf7-text wpcf7-validates-as-required\" aria-required=\"true\" aria-invalid=\"false\" placeholder=\"Name des Kindes\" value=\"\" type=\"text\" name=\"NamedesKindes\" \/><\/span>\n<\/p>\n<p><span class=\"wpcf7-form-control-wrap\" data-name=\"KlassedesKindes\"><input size=\"40\" maxlength=\"400\" class=\"wpcf7-form-control wpcf7-text wpcf7-validates-as-required\" aria-required=\"true\" aria-invalid=\"false\" placeholder=\"Klasse des Kindes\" value=\"\" type=\"text\" name=\"KlassedesKindes\" \/><\/span>\n<\/p>\n<p><span class=\"wpcf7-form-control-wrap\" data-name=\"your-email\"><input size=\"40\" maxlength=\"400\" class=\"wpcf7-form-control wpcf7-email wpcf7-validates-as-required wpcf7-text wpcf7-validates-as-email\" aria-required=\"true\" aria-invalid=\"false\" placeholder=\"E-Mail des Bestenden\" value=\"\" type=\"email\" name=\"your-email\" \/><\/span>\n<\/p>\n<p><span class=\"wpcf7-form-control-wrap\" data-name=\"tel-50\"><input size=\"40\" maxlength=\"400\" class=\"wpcf7-form-control wpcf7-tel wpcf7-text wpcf7-validates-as-tel\" aria-invalid=\"false\" placeholder=\"Telefonnummer - Nur f\u00fcr R\u00fcckfragen\" value=\"\" type=\"tel\" name=\"tel-50\" \/><\/span>\n<\/p>\n<p>Hiermit bestelle ich ein Schul-T-Shirt zum Preis von 25,00 EUR. Den Betrag sende ich\n<\/p>\n<p><span class=\"wpcf7-form-control-wrap\" data-name=\"checkbox-490\"><span class=\"wpcf7-form-control wpcf7-checkbox wpcf7-validates-as-required wpcf7-exclusive-checkbox\"><span class=\"wpcf7-list-item first\"><label><input type=\"checkbox\" name=\"checkbox-490\" value=\"per Paypal an hallo (at) foerderverein-zwieseltal-grundschule.de\" \/><span class=\"wpcf7-list-item-label\">per Paypal an hallo (at) foerderverein-zwieseltal-grundschule.de<\/span><\/label><\/span><span class=\"wpcf7-list-item last\"><label><input type=\"checkbox\" name=\"checkbox-490\" value=\"per \u00dcberweisung an das Vereinskonto DE09 7645 0000 0231 3289 80\" \/><span class=\"wpcf7-list-item-label\">per \u00dcberweisung an das Vereinskonto DE09 7645 0000 0231 3289 80<\/span><\/label><\/span><\/span><\/span>\n<\/p>\n<p><span class=\"wpcf7-form-control-wrap\" data-name=\"textarea-812\"><textarea cols=\"40\" rows=\"10\" maxlength=\"2000\" class=\"wpcf7-form-control wpcf7-textarea\" aria-invalid=\"false\" placeholder=\"Nachricht an uns:\" name=\"textarea-812\"><\/textarea><\/span>\n<\/p>\n<p><input class=\"wpcf7-form-control wpcf7-submit has-spinner\" type=\"submit\" value=\"Senden\" \/>\n<\/p>\n<p>* Mit Stern gekennzeichnete Felder sind Pflichtfelder.\n<\/p><div class=\"wpcf7-response-output\" aria-hidden=\"true\"><\/div>\n<\/form>\n<\/div>\n\n","protected":false},"excerpt":{"rendered":"<p>Verbundenheit, die man teilweise auch sehen kann. Der Zusammenhalt unter der Schulfamilie ist ein gro\u00dfes Anliegen des F\u00f6rdervereins. Manchmal, an ganz besonderen Tagen, kann man [&hellip;]<\/p>\n","protected":false},"author":1,"featured_media":0,"parent":0,"menu_order":0,"comment_status":"closed","ping_status":"closed","template":"","meta":{"footnotes":""},"class_list":["post-20","page","type-page","status-publish","hentry"],"yoast_head":"<!-- This site is optimized with the Yoast SEO plugin v23.4 - https:\/\/yoast.com\/wordpress\/plugins\/seo\/ -->\n<title>Die T-Shirts - F\u00f6rderverein der Zwieseltal-Grundschule Schwabach eV<\/title>\n<meta name=\"robots\" content=\"index, follow, max-snippet:-1, max-image-preview:large, max-video-preview:-1\" \/>\n<link rel=\"canonical\" href=\"https:\/\/foerderverein-zwieseltal-grundschule.de\/?page_id=20\" \/>\n<meta property=\"og:locale\" content=\"de_DE\" \/>\n<meta property=\"og:type\" content=\"article\" \/>\n<meta property=\"og:title\" content=\"Die T-Shirts - F\u00f6rderverein der Zwieseltal-Grundschule Schwabach eV\" \/>\n<meta property=\"og:description\" content=\"Verbundenheit, die man teilweise auch sehen kann. Der Zusammenhalt unter der Schulfamilie ist ein gro\u00dfes Anliegen des F\u00f6rdervereins. Manchmal, an ganz besonderen Tagen, kann man [&hellip;]\" \/>\n<meta property=\"og:url\" content=\"https:\/\/foerderverein-zwieseltal-grundschule.de\/?page_id=20\" \/>\n<meta property=\"og:site_name\" content=\"F\u00f6rderverein der Zwieseltal-Grundschule Schwabach eV\" \/>\n<meta property=\"article:modified_time\" content=\"2024-01-30T16:06:02+00:00\" \/>\n<meta property=\"og:image\" content=\"http:\/\/foerderverein-zwieseltal-grundschule.de\/wp-content\/uploads\/2024\/01\/IMG_1342-scaled-e1706613662574-986x1024.jpeg\" \/>\n<meta name=\"twitter:card\" content=\"summary_large_image\" \/>\n<meta name=\"twitter:label1\" content=\"Gesch\u00e4tzte Lesezeit\" \/>\n\t<meta name=\"twitter:data1\" content=\"1\u00a0Minute\" \/>\n<script type=\"application\/ld+json\" class=\"yoast-schema-graph\">{\"@context\":\"https:\/\/schema.org\",\"@graph\":[{\"@type\":\"WebPage\",\"@id\":\"https:\/\/foerderverein-zwieseltal-grundschule.de\/?page_id=20\",\"url\":\"https:\/\/foerderverein-zwieseltal-grundschule.de\/?page_id=20\",\"name\":\"Die T-Shirts - F\u00f6rderverein der Zwieseltal-Grundschule Schwabach eV\",\"isPartOf\":{\"@id\":\"https:\/\/foerderverein-zwieseltal-grundschule.de\/#website\"},\"primaryImageOfPage\":{\"@id\":\"https:\/\/foerderverein-zwieseltal-grundschule.de\/?page_id=20#primaryimage\"},\"image\":{\"@id\":\"https:\/\/foerderverein-zwieseltal-grundschule.de\/?page_id=20#primaryimage\"},\"thumbnailUrl\":\"http:\/\/foerderverein-zwieseltal-grundschule.de\/wp-content\/uploads\/2024\/01\/IMG_1342-scaled-e1706613662574-986x1024.jpeg\",\"datePublished\":\"2024-01-14T12:37:13+00:00\",\"dateModified\":\"2024-01-30T16:06:02+00:00\",\"breadcrumb\":{\"@id\":\"https:\/\/foerderverein-zwieseltal-grundschule.de\/?page_id=20#breadcrumb\"},\"inLanguage\":\"de\",\"potentialAction\":[{\"@type\":\"ReadAction\",\"target\":[\"https:\/\/foerderverein-zwieseltal-grundschule.de\/?page_id=20\"]}]},{\"@type\":\"ImageObject\",\"inLanguage\":\"de\",\"@id\":\"https:\/\/foerderverein-zwieseltal-grundschule.de\/?page_id=20#primaryimage\",\"url\":\"https:\/\/foerderverein-zwieseltal-grundschule.de\/wp-content\/uploads\/2024\/01\/IMG_1342-scaled-e1706613662574.jpeg\",\"contentUrl\":\"https:\/\/foerderverein-zwieseltal-grundschule.de\/wp-content\/uploads\/2024\/01\/IMG_1342-scaled-e1706613662574.jpeg\",\"width\":1442,\"height\":1497},{\"@type\":\"BreadcrumbList\",\"@id\":\"https:\/\/foerderverein-zwieseltal-grundschule.de\/?page_id=20#breadcrumb\",\"itemListElement\":[{\"@type\":\"ListItem\",\"position\":1,\"name\":\"Startseite\",\"item\":\"https:\/\/foerderverein-zwieseltal-grundschule.de\/\"},{\"@type\":\"ListItem\",\"position\":2,\"name\":\"Die T-Shirts\"}]},{\"@type\":\"WebSite\",\"@id\":\"https:\/\/foerderverein-zwieseltal-grundschule.de\/#website\",\"url\":\"https:\/\/foerderverein-zwieseltal-grundschule.de\/\",\"name\":\"F\u00f6rderverein der Zwieseltal-Grundschule Schwabach eV\",\"description\":\"\",\"publisher\":{\"@id\":\"https:\/\/foerderverein-zwieseltal-grundschule.de\/#organization\"},\"potentialAction\":[{\"@type\":\"SearchAction\",\"target\":{\"@type\":\"EntryPoint\",\"urlTemplate\":\"https:\/\/foerderverein-zwieseltal-grundschule.de\/?s={search_term_string}\"},\"query-input\":{\"@type\":\"PropertyValueSpecification\",\"valueRequired\":true,\"valueName\":\"search_term_string\"}}],\"inLanguage\":\"de\"},{\"@type\":\"Organization\",\"@id\":\"https:\/\/foerderverein-zwieseltal-grundschule.de\/#organization\",\"name\":\"F\u00f6rderverein der Zwieseltal-Grundschule Schwabach eV\",\"url\":\"https:\/\/foerderverein-zwieseltal-grundschule.de\/\",\"logo\":{\"@type\":\"ImageObject\",\"inLanguage\":\"de\",\"@id\":\"https:\/\/foerderverein-zwieseltal-grundschule.de\/#\/schema\/logo\/image\/\",\"url\":\"https:\/\/foerderverein-zwieseltal-grundschule.de\/wp-content\/uploads\/2024\/01\/Logo-Foerderverein-ohne-Text.jpg\",\"contentUrl\":\"https:\/\/foerderverein-zwieseltal-grundschule.de\/wp-content\/uploads\/2024\/01\/Logo-Foerderverein-ohne-Text.jpg\",\"width\":332,\"height\":166,\"caption\":\"F\u00f6rderverein der Zwieseltal-Grundschule Schwabach eV\"},\"image\":{\"@id\":\"https:\/\/foerderverein-zwieseltal-grundschule.de\/#\/schema\/logo\/image\/\"}}]}<\/script>\n<!-- \/ Yoast SEO plugin. -->","yoast_head_json":{"title":"Die T-Shirts - F\u00f6rderverein der Zwieseltal-Grundschule Schwabach eV","robots":{"index":"index","follow":"follow","max-snippet":"max-snippet:-1","max-image-preview":"max-image-preview:large","max-video-preview":"max-video-preview:-1"},"canonical":"https:\/\/foerderverein-zwieseltal-grundschule.de\/?page_id=20","og_locale":"de_DE","og_type":"article","og_title":"Die T-Shirts - F\u00f6rderverein der Zwieseltal-Grundschule Schwabach eV","og_description":"Verbundenheit, die man teilweise auch sehen kann. Der Zusammenhalt unter der Schulfamilie ist ein gro\u00dfes Anliegen des F\u00f6rdervereins. Manchmal, an ganz besonderen Tagen, kann man [&hellip;]","og_url":"https:\/\/foerderverein-zwieseltal-grundschule.de\/?page_id=20","og_site_name":"F\u00f6rderverein der Zwieseltal-Grundschule Schwabach eV","article_modified_time":"2024-01-30T16:06:02+00:00","og_image":[{"url":"http:\/\/foerderverein-zwieseltal-grundschule.de\/wp-content\/uploads\/2024\/01\/IMG_1342-scaled-e1706613662574-986x1024.jpeg"}],"twitter_card":"summary_large_image","twitter_misc":{"Gesch\u00e4tzte Lesezeit":"1\u00a0Minute"},"schema":{"@context":"https:\/\/schema.org","@graph":[{"@type":"WebPage","@id":"https:\/\/foerderverein-zwieseltal-grundschule.de\/?page_id=20","url":"https:\/\/foerderverein-zwieseltal-grundschule.de\/?page_id=20","name":"Die T-Shirts - F\u00f6rderverein der Zwieseltal-Grundschule Schwabach eV","isPartOf":{"@id":"https:\/\/foerderverein-zwieseltal-grundschule.de\/#website"},"primaryImageOfPage":{"@id":"https:\/\/foerderverein-zwieseltal-grundschule.de\/?page_id=20#primaryimage"},"image":{"@id":"https:\/\/foerderverein-zwieseltal-grundschule.de\/?page_id=20#primaryimage"},"thumbnailUrl":"http:\/\/foerderverein-zwieseltal-grundschule.de\/wp-content\/uploads\/2024\/01\/IMG_1342-scaled-e1706613662574-986x1024.jpeg","datePublished":"2024-01-14T12:37:13+00:00","dateModified":"2024-01-30T16:06:02+00:00","breadcrumb":{"@id":"https:\/\/foerderverein-zwieseltal-grundschule.de\/?page_id=20#breadcrumb"},"inLanguage":"de","potentialAction":[{"@type":"ReadAction","target":["https:\/\/foerderverein-zwieseltal-grundschule.de\/?page_id=20"]}]},{"@type":"ImageObject","inLanguage":"de","@id":"https:\/\/foerderverein-zwieseltal-grundschule.de\/?page_id=20#primaryimage","url":"https:\/\/foerderverein-zwieseltal-grundschule.de\/wp-content\/uploads\/2024\/01\/IMG_1342-scaled-e1706613662574.jpeg","contentUrl":"https:\/\/foerderverein-zwieseltal-grundschule.de\/wp-content\/uploads\/2024\/01\/IMG_1342-scaled-e1706613662574.jpeg","width":1442,"height":1497},{"@type":"BreadcrumbList","@id":"https:\/\/foerderverein-zwieseltal-grundschule.de\/?page_id=20#breadcrumb","itemListElement":[{"@type":"ListItem","position":1,"name":"Startseite","item":"https:\/\/foerderverein-zwieseltal-grundschule.de\/"},{"@type":"ListItem","position":2,"name":"Die T-Shirts"}]},{"@type":"WebSite","@id":"https:\/\/foerderverein-zwieseltal-grundschule.de\/#website","url":"https:\/\/foerderverein-zwieseltal-grundschule.de\/","name":"F\u00f6rderverein der Zwieseltal-Grundschule Schwabach eV","description":"","publisher":{"@id":"https:\/\/foerderverein-zwieseltal-grundschule.de\/#organization"},"potentialAction":[{"@type":"SearchAction","target":{"@type":"EntryPoint","urlTemplate":"https:\/\/foerderverein-zwieseltal-grundschule.de\/?s={search_term_string}"},"query-input":{"@type":"PropertyValueSpecification","valueRequired":true,"valueName":"search_term_string"}}],"inLanguage":"de"},{"@type":"Organization","@id":"https:\/\/foerderverein-zwieseltal-grundschule.de\/#organization","name":"F\u00f6rderverein der Zwieseltal-Grundschule Schwabach eV","url":"https:\/\/foerderverein-zwieseltal-grundschule.de\/","logo":{"@type":"ImageObject","inLanguage":"de","@id":"https:\/\/foerderverein-zwieseltal-grundschule.de\/#\/schema\/logo\/image\/","url":"https:\/\/foerderverein-zwieseltal-grundschule.de\/wp-content\/uploads\/2024\/01\/Logo-Foerderverein-ohne-Text.jpg","contentUrl":"https:\/\/foerderverein-zwieseltal-grundschule.de\/wp-content\/uploads\/2024\/01\/Logo-Foerderverein-ohne-Text.jpg","width":332,"height":166,"caption":"F\u00f6rderverein der Zwieseltal-Grundschule Schwabach eV"},"image":{"@id":"https:\/\/foerderverein-zwieseltal-grundschule.de\/#\/schema\/logo\/image\/"}}]}},"jetpack_sharing_enabled":true,"_links":{"self":[{"href":"https:\/\/foerderverein-zwieseltal-grundschule.de\/index.php?rest_route=\/wp\/v2\/pages\/20","targetHints":{"allow":["GET"]}}],"collection":[{"href":"https:\/\/foerderverein-zwieseltal-grundschule.de\/index.php?rest_route=\/wp\/v2\/pages"}],"about":[{"href":"https:\/\/foerderverein-zwieseltal-grundschule.de\/index.php?rest_route=\/wp\/v2\/types\/page"}],"author":[{"embeddable":true,"href":"https:\/\/foerderverein-zwieseltal-grundschule.de\/index.php?rest_route=\/wp\/v2\/users\/1"}],"replies":[{"embeddable":true,"href":"https:\/\/foerderverein-zwieseltal-grundschule.de\/index.php?rest_route=%2Fwp%2Fv2%2Fcomments&post=20"}],"version-history":[{"count":12,"href":"https:\/\/foerderverein-zwieseltal-grundschule.de\/index.php?rest_route=\/wp\/v2\/pages\/20\/revisions"}],"predecessor-version":[{"id":380,"href":"https:\/\/foerderverein-zwieseltal-grundschule.de\/index.php?rest_route=\/wp\/v2\/pages\/20\/revisions\/380"}],"wp:attachment":[{"href":"https:\/\/foerderverein-zwieseltal-grundschule.de\/index.php?rest_route=%2Fwp%2Fv2%2Fmedia&parent=20"}],"curies":[{"name":"wp","href":"https:\/\/api.w.org\/{rel}","templated":true}]}}